{"id":222,"date":"2024-04-22T12:52:28","date_gmt":"2024-04-22T12:52:28","guid":{"rendered":"https:\/\/caeterarecords.com\/?post_type=product&#038;p=222"},"modified":"2024-09-10T18:42:04","modified_gmt":"2024-09-10T18:42:04","slug":"99","status":"publish","type":"product","link":"https:\/\/caeterarecords.com\/index.php\/product\/99\/","title":{"rendered":"99"},"content":{"rendered":"<h2>Une Collaboration Inattendue<\/h2>\n<p>Le deuxi\u00e8me titre de l\u2019artiste Dom Chris en featuring avec Eddy Melody est d\u00e9sormais disponible dans le monde entier. Cette collaboration prometteuse r\u00e9unit deux talents uniques de la musique pour une exp\u00e9rience auditive exceptionnelle.<\/p>\n<h2>Un Titre R\u00e9volutionnaire<\/h2>\n<p>Les amateurs de musique pourront appr\u00e9cier la fusion des styles et l&#8217;harmonie des voix dans ce nouveau titre. Chacune des contributions artistiques apporte une profondeur et une richesse rarement atteintes.<\/p>\n<h2>Ouverture Mondiale<\/h2>\n<p>Disponible sur toutes les plateformes de streaming, ce nouveau chef-d&#8217;\u0153uvre musical est pr\u00eat \u00e0 conqu\u00e9rir un public global. Ne manquez pas cette opportunit\u00e9 de d\u00e9couvrir et de partager ce morceau captivant.<\/p>\n","protected":false},"excerpt":{"rendered":"<p>99 FT EDDY LA MELODY AVAILABLE NOW<\/p>\n<p>D\u00e9couvrez le Nouveau Titre de l\u2019Artiste Dom Chris feat. Eddy Melody<\/p>\n<p>&nbsp;<\/p>\n","protected":false},"featured_media":224,"comment_status":"open","ping_status":"closed","template":"","meta":{"om_disable_all_campaigns":false,"_monsterinsights_skip_tracking":false,"_monsterinsights_sitenote_active":false,"_monsterinsights_sitenote_note":"","_monsterinsights_sitenote_category":0},"product_cat":[51],"product_tag":[55,53,54,57],"aioseo_notices":[],"jetpack_sharing_enabled":true,"_links":{"self":[{"href":"https:\/\/caeterarecords.com\/index.php\/wp-json\/wp\/v2\/product\/222"}],"collection":[{"href":"https:\/\/caeterarecords.com\/index.php\/wp-json\/wp\/v2\/product"}],"about":[{"href":"https:\/\/caeterarecords.com\/index.php\/wp-json\/wp\/v2\/types\/product"}],"replies":[{"embeddable":true,"href":"https:\/\/caeterarecords.com\/index.php\/wp-json\/wp\/v2\/comments?post=222"}],"wp:featuredmedia":[{"embeddable":true,"href":"https:\/\/caeterarecords.com\/index.php\/wp-json\/wp\/v2\/media\/224"}],"wp:attachment":[{"href":"https:\/\/caeterarecords.com\/index.php\/wp-json\/wp\/v2\/media?parent=222"}],"wp:term":[{"taxonomy":"product_cat","embeddable":true,"href":"https:\/\/caeterarecords.com\/index.php\/wp-json\/wp\/v2\/product_cat?post=222"},{"taxonomy":"product_tag","embeddable":true,"href":"https:\/\/caeterarecords.com\/index.php\/wp-json\/wp\/v2\/product_tag?post=222"}],"curies":[{"name":"wp","href":"https:\/\/api.w.org\/{rel}","templated":true}]}}